{"id":13380,"date":"2022-07-02T10:07:03","date_gmt":"2022-07-02T10:07:03","guid":{"rendered":"https:\/\/bestchinaproducts.com\/?page_id=13380"},"modified":"2023-11-22T06:11:25","modified_gmt":"2023-11-22T06:11:25","slug":"warum-beste-porzellanprodukte","status":"publish","type":"page","link":"https:\/\/bestchinaproducts.com\/de\/warum-beste-china-produkte\/","title":{"rendered":"Meine Reise mit Best China Products"},"content":{"rendered":"<p class=\"has-huge-font-size\"><strong>Wer wir sind<\/strong><\/p>\n\n\n\n<p>Hallo zusammen!<\/p>\n\n\n\n<p>Vielen Dank f\u00fcr Ihren Besuch auf meiner Website. Ich hei\u00dfe Ross und bin der Inhaber von Best China Products. Ich blogge nun schon seit vielen Jahren \u00fcber China. Was als Hobby begann, bei dem ich interessante Waren aus China ausw\u00e4hlte, wurde zu einer ausgewachsenen Leidenschaft und einem kleinen Unternehmen.<\/p>\n\n\n\n<p>Ich habe zahlreichen Unternehmen auf der ganzen Welt bei der Beschaffung von Waren geholfen, da ich Beziehungen zu den Herstellern und Lieferanten aufgebaut habe. <\/p>\n\n\n\n<p>Dieser Blog ist eine Erweiterung all der interessanten chinesischen Produkte, denen ich im Laufe der Jahre begegnet bin. Ich berichte \u00fcber die Lieferanten und Hersteller, die vertrauensw\u00fcrdig sind und einzigartige Produkte haben. Das bin ich, kurz und b\u00fcndig!<\/p>\n\n\n\n<p><a href=\"https:\/\/www.pinterest.com\/bestchinaproducts\/\" target=\"_blank\" rel=\"noreferrer noopener nofollow sponsored\"><strong>Schau dir unser Pinterest an - dort teilen wir alle coolen Produkte aus China!<\/strong><\/a><\/p>\n\n\n\n<center><script async src=\"https:\/\/eocampaign1.com\/form\/e6c209c6-881d-11ee-aa67-3b189ae02ee6.js\" data-form=\"e6c209c6-881d-11ee-aa67-3b189ae02ee6\"><\/script><\/center>\n\n\n\n<div style=\"height:100px\" aria-hidden=\"true\" class=\"wp-block-spacer\"><\/div>\n\n\n\n<p class=\"has-medium-font-size\"><strong>Tim Howard<\/strong> &#8211; <strong>Chefredakteur<\/strong><\/p>\n\n\n\n<p class=\"has-normal-font-size\">Tim ist der leitende Redakteur und kontrolliert den Inhalt von Best China. Tim hat sein Grundstudium in Kunst und Psychologie abgeschlossen. Zusammen mit seinem Team leitet er die inhaltlichen Bem\u00fchungen f\u00fcr Best China. <\/p>\n\n\n\n<p>Wenn er nicht gerade die Inhalte f\u00fcr Best China pr\u00fcft, verbringt er seine Zeit mit seinen beiden Kindern beim Baseballspielen. Tims Hobbys sind das Erlernen neuer Sprachen und Reisen um die Welt. <\/p>\n\n\n\n<figure class=\"wp-block-image size-full\"><img decoding=\"async\" width=\"500\" height=\"334\" src=\"https:\/\/bestchinaproducts.com\/wp-content\/uploads\/2022\/07\/tim-howard-1.jpg\" alt=\"\" class=\"wp-image-13402\" title=\"\" srcset=\"https:\/\/bestchinaproducts.com\/wp-content\/uploads\/2022\/07\/tim-howard-1.jpg 500w, https:\/\/bestchinaproducts.com\/wp-content\/uploads\/2022\/07\/tim-howard-1-300x200.jpg 300w, https:\/\/bestchinaproducts.com\/wp-content\/uploads\/2022\/07\/tim-howard-1-18x12.jpg 18w, https:\/\/bestchinaproducts.com\/wp-content\/uploads\/2022\/07\/tim-howard-1-263x175.jpg 263w\" sizes=\"(max-width: 500px) 100vw, 500px\" \/><\/figure>\n\n\n\n<p><\/p>\n\n\n\n<div style=\"height:100px\" aria-hidden=\"true\" class=\"wp-block-spacer\"><\/div>\n\n\n\n<p class=\"has-medium-font-size\"><strong>Kelly Jo<\/strong> &#8211; <strong>Koordinator und Gesch\u00e4ftsbetrieb<\/strong><\/p>\n\n\n\n<p>Kelly Jo und ihr Team k\u00fcmmern sich um die gesch\u00e4ftliche Seite der Dinge. Sie hilft bei der Beschaffung der Produkte aus China f\u00fcr unsere Kunden. Sie ist das R\u00fcckgrat des Betriebs bei Best China Products. Sie ist chinesische Muttersprachlerin und kann zwischen chinesischen Lieferanten und Kunden koordinieren. <\/p>\n\n\n\n<figure class=\"wp-block-image size-full\"><img decoding=\"async\" width=\"500\" height=\"334\" src=\"https:\/\/bestchinaproducts.com\/wp-content\/uploads\/2022\/07\/kelly_bestChina-1.jpg\" alt=\"\" class=\"wp-image-13401\" title=\"\" srcset=\"https:\/\/bestchinaproducts.com\/wp-content\/uploads\/2022\/07\/kelly_bestChina-1.jpg 500w, https:\/\/bestchinaproducts.com\/wp-content\/uploads\/2022\/07\/kelly_bestChina-1-300x200.jpg 300w, https:\/\/bestchinaproducts.com\/wp-content\/uploads\/2022\/07\/kelly_bestChina-1-18x12.jpg 18w, https:\/\/bestchinaproducts.com\/wp-content\/uploads\/2022\/07\/kelly_bestChina-1-263x175.jpg 263w\" sizes=\"(max-width: 500px) 100vw, 500px\" \/><\/figure>\n\n\n\n<p><\/p>\n\n\n\n<div style=\"height:100px\" aria-hidden=\"true\" class=\"wp-block-spacer\"><\/div>\n\n\n\n<h2 class=\"wp-block-heading\"><strong>Was also macht China zu diesem gro\u00dfen Produktionszentrum?<\/strong><\/h2>\n\n\n\n<p>Die Realit\u00e4t ist, dass chinesische Hersteller viel Unterst\u00fctzung von der Regierung erhalten, um Hightech-Fertigungszentren mit hohem Bekanntheitsgrad zu errichten. Sie investieren viel in Forschung und Entwicklung. Aus diesem Grund ist die chinesische Fertigung eine der besten der Welt und verf\u00fcgt \u00fcber die neueste Technologie bei Maschinen und Komponenten. <\/p>\n\n\n\n<p>Ich habe Ningbo, Guangzhou, Tianjin, Dongguan und andere St\u00e4dte besucht. <\/p>\n\n\n\n<figure class=\"wp-block-gallery has-nested-images columns-default is-cropped wp-block-gallery-1 is-layout-flex wp-block-gallery-is-layout-flex\">\n<figure class=\"wp-block-image size-large\"><img decoding=\"async\" width=\"500\" height=\"334\" data-id=\"13404\" src=\"https:\/\/bestchinaproducts.com\/wp-content\/uploads\/2022\/07\/chinese-train-station-1.jpg\" alt=\"\" class=\"wp-image-13404\" title=\"\" srcset=\"https:\/\/bestchinaproducts.com\/wp-content\/uploads\/2022\/07\/chinese-train-station-1.jpg 500w, https:\/\/bestchinaproducts.com\/wp-content\/uploads\/2022\/07\/chinese-train-station-1-300x200.jpg 300w, https:\/\/bestchinaproducts.com\/wp-content\/uploads\/2022\/07\/chinese-train-station-1-18x12.jpg 18w, https:\/\/bestchinaproducts.com\/wp-content\/uploads\/2022\/07\/chinese-train-station-1-263x175.jpg 263w\" sizes=\"(max-width: 500px) 100vw, 500px\" \/><\/figure>\n\n\n\n<figure class=\"wp-block-image size-large\"><img decoding=\"async\" width=\"500\" height=\"333\" data-id=\"13405\" src=\"https:\/\/bestchinaproducts.com\/wp-content\/uploads\/2022\/07\/chinese-manufacturing-1.jpg\" alt=\"\" class=\"wp-image-13405\" title=\"\" srcset=\"https:\/\/bestchinaproducts.com\/wp-content\/uploads\/2022\/07\/chinese-manufacturing-1.jpg 500w, https:\/\/bestchinaproducts.com\/wp-content\/uploads\/2022\/07\/chinese-manufacturing-1-300x200.jpg 300w, https:\/\/bestchinaproducts.com\/wp-content\/uploads\/2022\/07\/chinese-manufacturing-1-18x12.jpg 18w, https:\/\/bestchinaproducts.com\/wp-content\/uploads\/2022\/07\/chinese-manufacturing-1-263x175.jpg 263w\" sizes=\"(max-width: 500px) 100vw, 500px\" \/><\/figure>\n<\/figure>","protected":false},"excerpt":{"rendered":"<p>Wer wir sind Hallo! Danke, dass Sie meine Website besuchen. Ich bin Ross und ich bin...<\/p>","protected":false},"author":2,"featured_media":0,"parent":0,"menu_order":0,"comment_status":"closed","ping_status":"closed","template":"","meta":{"footnotes":""},"class_list":["post-13380","page","type-page","status-publish","hentry"],"featured_image_src":null,"_links":{"self":[{"href":"https:\/\/bestchinaproducts.com\/de\/wp-json\/wp\/v2\/pages\/13380","targetHints":{"allow":["GET"]}}],"collection":[{"href":"https:\/\/bestchinaproducts.com\/de\/wp-json\/wp\/v2\/pages"}],"about":[{"href":"https:\/\/bestchinaproducts.com\/de\/wp-json\/wp\/v2\/types\/page"}],"author":[{"embeddable":true,"href":"https:\/\/bestchinaproducts.com\/de\/wp-json\/wp\/v2\/users\/2"}],"replies":[{"embeddable":true,"href":"https:\/\/bestchinaproducts.com\/de\/wp-json\/wp\/v2\/comments?post=13380"}],"version-history":[{"count":7,"href":"https:\/\/bestchinaproducts.com\/de\/wp-json\/wp\/v2\/pages\/13380\/revisions"}],"predecessor-version":[{"id":17747,"href":"https:\/\/bestchinaproducts.com\/de\/wp-json\/wp\/v2\/pages\/13380\/revisions\/17747"}],"wp:attachment":[{"href":"https:\/\/bestchinaproducts.com\/de\/wp-json\/wp\/v2\/media?parent=13380"}],"curies":[{"name":"wp","href":"https:\/\/api.w.org\/{rel}","templated":true}]}}