{"id":7600,"date":"2020-05-08T15:24:28","date_gmt":"2020-05-08T15:24:28","guid":{"rendered":"https:\/\/bestchinaproducts.com\/?page_id=7600"},"modified":"2020-05-08T15:24:30","modified_gmt":"2020-05-08T15:24:30","slug":"uber-uns","status":"publish","type":"page","link":"https:\/\/bestchinaproducts.com\/de\/uber-uns\/","title":{"rendered":"\u00dcber uns"},"content":{"rendered":"<div style=\"height:100px\" aria-hidden=\"true\" class=\"wp-block-spacer\"><\/div>\n\n\n\n<h2 class=\"wp-block-heading\">\u00dcber Best China Products - Hinter den Kulissen!<\/h2>\n\n\n\n<p>Falls wir uns noch nicht begegnet sind: Ich bin Tim!\u00a0<br><\/p>\n\n\n\n<p>Danke, dass Sie meine Seite besuchen. Ich bin der stolze Besitzer von Best China Products. Ich bin der Rezensent, Redakteur und Moderator und alles dazwischen.&nbsp;<br><\/p>\n\n\n\n<p>Ich verbringe viel Zeit und M\u00fche damit, n\u00fctzliche Inhalte zu verfassen, von denen Sie, der Leser, profitieren k\u00f6nnen.<br><\/p>\n\n\n\n<p>Als ich mit dem Schreiben auf meiner Website begann, wollte ich einfach nur interessante Produkte aus L\u00e4ndern vorstellen, von denen man noch nie geh\u00f6rt hat.<br><\/p>\n\n\n\n<p>Aber als ich anfing, meine Inhalte zu schreiben, stellte ich fest, dass viele meiner Leser Fragen zum Gro\u00dfhandel stellten.&nbsp;<br><\/p>\n\n\n\n<p>Beste Lieferanten auf Aliexpress<br><\/p>\n\n\n\n<p>Beste Lieferanten auf Alibaba&nbsp;<br><\/p>\n\n\n\n<p>Und andere\u00a0<\/p>\n\n\n\n<p>Ich habe fr\u00fcher eine E-Commerce-Website betrieben, auf der ich f\u00fcr mein Unternehmen Dropshipping betrieben habe, und mit diesem Wissen und dieser Erfahrung wusste ich, dass ich den Leuten bei ihren Fragen zur Beschaffung und zum Gro\u00dfhandel helfen kann.<br><\/p>\n\n\n\n<p>Aus diesem Grund habe ich Best China Products gegr\u00fcndet.<br><\/p>\n\n\n\n<p>Mein Inhalt wird sich ein wenig \u00e4ndern und sich auf den Gro\u00dfhandel konzentrieren, was aber nicht bedeutet, dass ich nicht \u00fcber einzelne Einzelh\u00e4ndler mit den besten Preisen berichten werde.<br><\/p>\n\n\n\n<p>Meistens sind sie ein und dasselbe.&nbsp;<\/p>\n\n\n\n<div style=\"height:100px\" aria-hidden=\"true\" class=\"wp-block-spacer\"><\/div>\n\n\n\n<h3 class=\"wp-block-heading\"><strong>Mein \u00dcberpr\u00fcfungsprozess<\/strong><br><\/h3>\n\n\n\n<p>Mein Prozess f\u00fcr das Schreiben von Bewertungen und das Finden von Verk\u00e4ufern ist einfach, ich tue meine Sorgfaltspflicht in Bezug auf die&nbsp;<br><\/p>\n\n\n\n<ul class=\"wp-block-list\"><li>Bewertungen von Verk\u00e4ufern&nbsp;<\/li><li>Produkte des Verk\u00e4ufers&nbsp;<\/li><li>Bewertungen von Verk\u00e4ufern<\/li><li>Vorgeschichte des Verk\u00e4ufers&nbsp;<\/li><li>Antworten des Verk\u00e4ufers an die Kunden&nbsp;<\/li><\/ul>\n\n\n\n<ul class=\"wp-block-list\"><li>Produktmuster und \u00dcberpr\u00fcfung&nbsp;<\/li><li>Kommunizieren Sie mit dem Verk\u00e4ufer und pr\u00fcfen Sie seine Antwort&nbsp;<\/li><\/ul>\n\n\n\n<div style=\"height:100px\" aria-hidden=\"true\" class=\"wp-block-spacer\"><\/div>\n\n\n\n<h3 class=\"wp-block-heading\"><strong>Offenlegung von Partnerschaften&nbsp;<\/strong><br><\/h3>\n\n\n\n<p>Auf meiner Website empfehle ich Produkte von Aliexpress, Dhgate und Amazon. Ich kann eine kleine Geb\u00fchr verdienen, wenn Sie ein Produkt \u00fcber meine Links kaufen. Auf diese Weise kann ich die Website am Laufen halten und bezahle f\u00fcr meine Forschung, Zeit, Produkte und mehr.\u00a0<\/p>","protected":false},"excerpt":{"rendered":"<p>\u00dcber Best China Products - Hinter den Kulissen! Falls wir uns noch nicht begegnet sind: Ich bin Tim! ...<\/p>","protected":false},"author":2,"featured_media":0,"parent":0,"menu_order":0,"comment_status":"closed","ping_status":"closed","template":"","meta":{"footnotes":""},"class_list":["post-7600","page","type-page","status-publish","hentry"],"featured_image_src":null,"_links":{"self":[{"href":"https:\/\/bestchinaproducts.com\/de\/wp-json\/wp\/v2\/pages\/7600","targetHints":{"allow":["GET"]}}],"collection":[{"href":"https:\/\/bestchinaproducts.com\/de\/wp-json\/wp\/v2\/pages"}],"about":[{"href":"https:\/\/bestchinaproducts.com\/de\/wp-json\/wp\/v2\/types\/page"}],"author":[{"embeddable":true,"href":"https:\/\/bestchinaproducts.com\/de\/wp-json\/wp\/v2\/users\/2"}],"replies":[{"embeddable":true,"href":"https:\/\/bestchinaproducts.com\/de\/wp-json\/wp\/v2\/comments?post=7600"}],"version-history":[{"count":0,"href":"https:\/\/bestchinaproducts.com\/de\/wp-json\/wp\/v2\/pages\/7600\/revisions"}],"wp:attachment":[{"href":"https:\/\/bestchinaproducts.com\/de\/wp-json\/wp\/v2\/media?parent=7600"}],"curies":[{"name":"wp","href":"https:\/\/api.w.org\/{rel}","templated":true}]}}