{"id":13380,"date":"2022-07-02T10:07:03","date_gmt":"2022-07-02T10:07:03","guid":{"rendered":"https:\/\/bestchinaproducts.com\/?page_id=13380"},"modified":"2023-11-22T06:11:25","modified_gmt":"2023-11-22T06:11:25","slug":"por-que-los-mejores-productos-chinos","status":"publish","type":"page","link":"https:\/\/bestchinaproducts.com\/es\/por-que-los-mejores-productos-de-china\/","title":{"rendered":"Mi viaje con Best China Products"},"content":{"rendered":"<p class=\"has-huge-font-size\"><strong>Qui\u00e9nes somos<\/strong><\/p>\n\n\n\n<p>Hola a todos.<\/p>\n\n\n\n<p>Gracias por visitar mi p\u00e1gina web. Soy Ross y soy el propietario de Best China Products. Llevo muchos a\u00f1os escribiendo un blog sobre China. Lo que empez\u00f3 como una afici\u00f3n a escoger productos interesantes de China se convirti\u00f3 en una pasi\u00f3n en toda regla y en un peque\u00f1o negocio.<\/p>\n\n\n\n<p>He ayudado a numerosas empresas de todo el mundo con su abastecimiento de mercanc\u00edas teniendo en cuenta la relaci\u00f3n que he establecido con los fabricantes y proveedores. <\/p>\n\n\n\n<p>Este blog es una extensi\u00f3n de todos los productos chinos interesantes que he encontrado a lo largo de los a\u00f1os. Cubro los proveedores y fabricantes que son de confianza y tienen algunos productos \u00fanicos. \u00a1Ese soy yo en pocas palabras!<\/p>\n\n\n\n<p><a href=\"https:\/\/www.pinterest.com\/bestchinaproducts\/\" target=\"_blank\" rel=\"noreferrer noopener nofollow sponsored\"><strong>Echa un vistazo a nuestro Pinterest - \u00a1Donde compartimos todos los productos geniales de China!<\/strong><\/a><\/p>\n\n\n\n<center><script async src=\"https:\/\/eocampaign1.com\/form\/e6c209c6-881d-11ee-aa67-3b189ae02ee6.js\" data-form=\"e6c209c6-881d-11ee-aa67-3b189ae02ee6\"><\/script><\/center>\n\n\n\n<div style=\"height:100px\" aria-hidden=\"true\" class=\"wp-block-spacer\"><\/div>\n\n\n\n<p class=\"has-medium-font-size\"><strong>Tim Howard<\/strong> &#8211; <strong>Editor principal<\/strong><\/p>\n\n\n\n<p class=\"has-normal-font-size\">Tim es el editor principal y controla el contenido de Best China. Tim ha terminado su licenciatura en Arte y Psicolog\u00eda. Ha estado encabezando los esfuerzos de contenido para Best China, junto con su equipo. <\/p>\n\n\n\n<p>Cuando no est\u00e1 aprobando el contenido de Best China, pasa el tiempo con sus dos hijos jugando al b\u00e9isbol. Las aficiones de Tim son aprender nuevos idiomas y viajar por el mundo. <\/p>\n\n\n\n<figure class=\"wp-block-image size-full\"><img decoding=\"async\" width=\"500\" height=\"334\" src=\"https:\/\/bestchinaproducts.com\/wp-content\/uploads\/2022\/07\/tim-howard-1.jpg\" alt=\"\" class=\"wp-image-13402\" title=\"\" srcset=\"https:\/\/bestchinaproducts.com\/wp-content\/uploads\/2022\/07\/tim-howard-1.jpg 500w, https:\/\/bestchinaproducts.com\/wp-content\/uploads\/2022\/07\/tim-howard-1-300x200.jpg 300w, https:\/\/bestchinaproducts.com\/wp-content\/uploads\/2022\/07\/tim-howard-1-18x12.jpg 18w, https:\/\/bestchinaproducts.com\/wp-content\/uploads\/2022\/07\/tim-howard-1-263x175.jpg 263w\" sizes=\"(max-width: 500px) 100vw, 500px\" \/><\/figure>\n\n\n\n<p><\/p>\n\n\n\n<div style=\"height:100px\" aria-hidden=\"true\" class=\"wp-block-spacer\"><\/div>\n\n\n\n<p class=\"has-medium-font-size\"><strong>Kelly Jo<\/strong> &#8211; <strong>Coordinador y Operaciones Comerciales<\/strong><\/p>\n\n\n\n<p>Kelly Jo y su equipo se encargan de la parte comercial. Ella ayuda a conseguir los productos de China para nuestros clientes. Es la columna vertebral de las operaciones de Best China Products. Es hablante nativa de chino y puede coordinar entre los proveedores chinos y los clientes. <\/p>\n\n\n\n<figure class=\"wp-block-image size-full\"><img decoding=\"async\" width=\"500\" height=\"334\" src=\"https:\/\/bestchinaproducts.com\/wp-content\/uploads\/2022\/07\/kelly_bestChina-1.jpg\" alt=\"\" class=\"wp-image-13401\" title=\"\" srcset=\"https:\/\/bestchinaproducts.com\/wp-content\/uploads\/2022\/07\/kelly_bestChina-1.jpg 500w, https:\/\/bestchinaproducts.com\/wp-content\/uploads\/2022\/07\/kelly_bestChina-1-300x200.jpg 300w, https:\/\/bestchinaproducts.com\/wp-content\/uploads\/2022\/07\/kelly_bestChina-1-18x12.jpg 18w, https:\/\/bestchinaproducts.com\/wp-content\/uploads\/2022\/07\/kelly_bestChina-1-263x175.jpg 263w\" sizes=\"(max-width: 500px) 100vw, 500px\" \/><\/figure>\n\n\n\n<p><\/p>\n\n\n\n<div style=\"height:100px\" aria-hidden=\"true\" class=\"wp-block-spacer\"><\/div>\n\n\n\n<h2 class=\"wp-block-heading\"><strong>\u00bfQu\u00e9 es lo que hace que China sea este gran centro de fabricaci\u00f3n?<\/strong><\/h2>\n\n\n\n<p>La realidad es que los fabricantes chinos reciben mucho apoyo del Gobierno para establecer centros de fabricaci\u00f3n de alta tecnolog\u00eda y alto perfil. Invierten mucho en I+D. Y por eso la fabricaci\u00f3n china es una de las mejores del mundo, con la \u00faltima tecnolog\u00eda en maquinaria y componentes. <\/p>\n\n\n\n<p>He visitado Ningbo, Guangzhou, Tianjin, Dongguan y otras ciudades. <\/p>\n\n\n\n<figure class=\"wp-block-gallery has-nested-images columns-default is-cropped wp-block-gallery-1 is-layout-flex wp-block-gallery-is-layout-flex\">\n<figure class=\"wp-block-image size-large\"><img decoding=\"async\" width=\"500\" height=\"334\" data-id=\"13404\" src=\"https:\/\/bestchinaproducts.com\/wp-content\/uploads\/2022\/07\/chinese-train-station-1.jpg\" alt=\"\" class=\"wp-image-13404\" title=\"\" srcset=\"https:\/\/bestchinaproducts.com\/wp-content\/uploads\/2022\/07\/chinese-train-station-1.jpg 500w, https:\/\/bestchinaproducts.com\/wp-content\/uploads\/2022\/07\/chinese-train-station-1-300x200.jpg 300w, https:\/\/bestchinaproducts.com\/wp-content\/uploads\/2022\/07\/chinese-train-station-1-18x12.jpg 18w, https:\/\/bestchinaproducts.com\/wp-content\/uploads\/2022\/07\/chinese-train-station-1-263x175.jpg 263w\" sizes=\"(max-width: 500px) 100vw, 500px\" \/><\/figure>\n\n\n\n<figure class=\"wp-block-image size-large\"><img decoding=\"async\" width=\"500\" height=\"333\" data-id=\"13405\" src=\"https:\/\/bestchinaproducts.com\/wp-content\/uploads\/2022\/07\/chinese-manufacturing-1.jpg\" alt=\"\" class=\"wp-image-13405\" title=\"\" srcset=\"https:\/\/bestchinaproducts.com\/wp-content\/uploads\/2022\/07\/chinese-manufacturing-1.jpg 500w, https:\/\/bestchinaproducts.com\/wp-content\/uploads\/2022\/07\/chinese-manufacturing-1-300x200.jpg 300w, https:\/\/bestchinaproducts.com\/wp-content\/uploads\/2022\/07\/chinese-manufacturing-1-18x12.jpg 18w, https:\/\/bestchinaproducts.com\/wp-content\/uploads\/2022\/07\/chinese-manufacturing-1-263x175.jpg 263w\" sizes=\"(max-width: 500px) 100vw, 500px\" \/><\/figure>\n<\/figure>","protected":false},"excerpt":{"rendered":"<p>Qui\u00e9nes somos \u00a1Hola! Gracias por visitar mi p\u00e1gina web. Soy Ross y soy...<\/p>","protected":false},"author":2,"featured_media":0,"parent":0,"menu_order":0,"comment_status":"closed","ping_status":"closed","template":"","meta":{"footnotes":""},"class_list":["post-13380","page","type-page","status-publish","hentry"],"featured_image_src":null,"_links":{"self":[{"href":"https:\/\/bestchinaproducts.com\/es\/wp-json\/wp\/v2\/pages\/13380","targetHints":{"allow":["GET"]}}],"collection":[{"href":"https:\/\/bestchinaproducts.com\/es\/wp-json\/wp\/v2\/pages"}],"about":[{"href":"https:\/\/bestchinaproducts.com\/es\/wp-json\/wp\/v2\/types\/page"}],"author":[{"embeddable":true,"href":"https:\/\/bestchinaproducts.com\/es\/wp-json\/wp\/v2\/users\/2"}],"replies":[{"embeddable":true,"href":"https:\/\/bestchinaproducts.com\/es\/wp-json\/wp\/v2\/comments?post=13380"}],"version-history":[{"count":7,"href":"https:\/\/bestchinaproducts.com\/es\/wp-json\/wp\/v2\/pages\/13380\/revisions"}],"predecessor-version":[{"id":17747,"href":"https:\/\/bestchinaproducts.com\/es\/wp-json\/wp\/v2\/pages\/13380\/revisions\/17747"}],"wp:attachment":[{"href":"https:\/\/bestchinaproducts.com\/es\/wp-json\/wp\/v2\/media?parent=13380"}],"curies":[{"name":"wp","href":"https:\/\/api.w.org\/{rel}","templated":true}]}}