{"id":7600,"date":"2020-05-08T15:24:28","date_gmt":"2020-05-08T15:24:28","guid":{"rendered":"https:\/\/bestchinaproducts.com\/?page_id=7600"},"modified":"2020-05-08T15:24:30","modified_gmt":"2020-05-08T15:24:30","slug":"acerca-de-nosotros","status":"publish","type":"page","link":"https:\/\/bestchinaproducts.com\/es\/sobre-nosotros\/","title":{"rendered":"Sobre nosotros"},"content":{"rendered":"<div style=\"height:100px\" aria-hidden=\"true\" class=\"wp-block-spacer\"><\/div>\n\n\n\n<h2 class=\"wp-block-heading\">Acerca de los productos de Best China - Entre bastidores<\/h2>\n\n\n\n<p>Si a\u00fan no nos conocemos, \u00a1soy Tim!\u00a0<br><\/p>\n\n\n\n<p>Gracias por visitar mi p\u00e1gina. Soy el orgulloso propietario de Best China Products. Soy el revisor, editor y moderador y todo lo dem\u00e1s.&nbsp;<br><\/p>\n\n\n\n<p>Dedico mucho tiempo y esfuerzo a escribir contenidos \u00fatiles que puedan beneficiarle a usted, el lector.<br><\/p>\n\n\n\n<p>Cuando empec\u00e9 a escribir en mi sitio web, s\u00f3lo quer\u00eda mostrar productos interesantes de lugares que nunca se hab\u00edan o\u00eddo antes.<br><\/p>\n\n\n\n<p>Pero cuando empec\u00e9 a escribir mis contenidos, me di cuenta de que muchos de mis lectores hac\u00edan preguntas relacionadas con la venta al por mayor.&nbsp;<br><\/p>\n\n\n\n<p>Los mejores proveedores de Aliexpress<br><\/p>\n\n\n\n<p>Los mejores proveedores en Alibaba&nbsp;<br><\/p>\n\n\n\n<p>Y otros\u00a0<\/p>\n\n\n\n<p>Antes dirig\u00eda un sitio web de comercio electr\u00f3nico en el que realizaba env\u00edos directos para mi negocio y, con esos conocimientos y experiencia, sab\u00eda que pod\u00eda ayudar a la gente con sus consultas sobre abastecimiento y venta al por mayor.<br><\/p>\n\n\n\n<p>Por eso he creado Best China Products.<br><\/p>\n\n\n\n<p>Mi contenido cambiar\u00e1 un poco centr\u00e1ndose en las cosas al por mayor, pero no significa que no voy a cubrir los minoristas individuales con los mejores precios.<br><\/p>\n\n\n\n<p>La mayor\u00eda de las veces, son una misma cosa.&nbsp;<\/p>\n\n\n\n<div style=\"height:100px\" aria-hidden=\"true\" class=\"wp-block-spacer\"><\/div>\n\n\n\n<h3 class=\"wp-block-heading\"><strong>Mi proceso de revisi\u00f3n<\/strong><br><\/h3>\n\n\n\n<p>Mi proceso para escribir rese\u00f1as y encontrar vendedores es simple, hago mi debida diligencia con respecto a la&nbsp;<br><\/p>\n\n\n\n<ul class=\"wp-block-list\"><li>Valoraciones de los vendedores&nbsp;<\/li><li>Productos de los vendedores&nbsp;<\/li><li>Opiniones de los vendedores<\/li><li>Historial de los vendedores&nbsp;<\/li><li>Respuestas de los vendedores a los clientes&nbsp;<\/li><\/ul>\n\n\n\n<ul class=\"wp-block-list\"><li>Muestras de productos y revisi\u00f3n&nbsp;<\/li><li>Comunicarse con el vendedor y comprobar su respuesta&nbsp;<\/li><\/ul>\n\n\n\n<div style=\"height:100px\" aria-hidden=\"true\" class=\"wp-block-spacer\"><\/div>\n\n\n\n<h3 class=\"wp-block-heading\"><strong>Divulgaci\u00f3n de informaci\u00f3n a los afiliados&nbsp;<\/strong><br><\/h3>\n\n\n\n<p>En mi sitio, recomiendo productos de Aliexpress, Dhgate y Amazon. Es posible que gane una peque\u00f1a comisi\u00f3n cuando compras un producto a trav\u00e9s de mis enlaces. As\u00ed es como puedo mantener el sitio web en funcionamiento y paga por mi investigaci\u00f3n, tiempo, productos y m\u00e1s.\u00a0<\/p>","protected":false},"excerpt":{"rendered":"<p>Acerca de Best China Products - \u00a1Detr\u00e1s de las escenas! Si a\u00fan no nos conocemos, \u00a1soy Tim! ...<\/p>","protected":false},"author":2,"featured_media":0,"parent":0,"menu_order":0,"comment_status":"closed","ping_status":"closed","template":"","meta":{"footnotes":""},"class_list":["post-7600","page","type-page","status-publish","hentry"],"featured_image_src":null,"_links":{"self":[{"href":"https:\/\/bestchinaproducts.com\/es\/wp-json\/wp\/v2\/pages\/7600","targetHints":{"allow":["GET"]}}],"collection":[{"href":"https:\/\/bestchinaproducts.com\/es\/wp-json\/wp\/v2\/pages"}],"about":[{"href":"https:\/\/bestchinaproducts.com\/es\/wp-json\/wp\/v2\/types\/page"}],"author":[{"embeddable":true,"href":"https:\/\/bestchinaproducts.com\/es\/wp-json\/wp\/v2\/users\/2"}],"replies":[{"embeddable":true,"href":"https:\/\/bestchinaproducts.com\/es\/wp-json\/wp\/v2\/comments?post=7600"}],"version-history":[{"count":0,"href":"https:\/\/bestchinaproducts.com\/es\/wp-json\/wp\/v2\/pages\/7600\/revisions"}],"wp:attachment":[{"href":"https:\/\/bestchinaproducts.com\/es\/wp-json\/wp\/v2\/media?parent=7600"}],"curies":[{"name":"wp","href":"https:\/\/api.w.org\/{rel}","templated":true}]}}