{"id":13380,"date":"2022-07-02T10:07:03","date_gmt":"2022-07-02T10:07:03","guid":{"rendered":"https:\/\/bestchinaproducts.com\/?page_id=13380"},"modified":"2023-11-22T06:11:25","modified_gmt":"2023-11-22T06:11:25","slug":"pourquoi-les-meilleurs-produits-chinois","status":"publish","type":"page","link":"https:\/\/bestchinaproducts.com\/fr\/pourquoi-les-meilleurs-produits-chinois\/","title":{"rendered":"Mon voyage avec Best China Products"},"content":{"rendered":"<p class=\"has-huge-font-size\"><strong>Qui sommes-nous ?<\/strong><\/p>\n\n\n\n<p>Salut !<\/p>\n\n\n\n<p>Merci de visiter mon site Web. Je m'appelle Ross et je suis le propri\u00e9taire de Best China Products. Je blogue sur la Chine depuis de nombreuses ann\u00e9es maintenant. Ce qui n'\u00e9tait au d\u00e9part qu'un passe-temps consistant \u00e0 choisir des produits int\u00e9ressants en provenance de Chine est devenu une passion \u00e0 part enti\u00e8re et une petite entreprise.<\/p>\n\n\n\n<p>J'ai aid\u00e9 de nombreuses entreprises \u00e0 travers le monde \u00e0 s'approvisionner en marchandises gr\u00e2ce aux relations que j'ai \u00e9tablies avec les fabricants et les fournisseurs. <\/p>\n\n\n\n<p>Ce blog est une extension de tous les produits chinois int\u00e9ressants que j'ai rencontr\u00e9s au fil des ans. Je couvre les fournisseurs et les fabricants qui sont dignes de confiance et qui ont des produits uniques. C'est moi en quelques mots !<\/p>\n\n\n\n<p><a href=\"https:\/\/www.pinterest.com\/bestchinaproducts\/\" target=\"_blank\" rel=\"noreferrer noopener nofollow sponsored\"><strong>Visitez notre Pinterest - O\u00f9 nous partageons tous les produits cool de la Chine !<\/strong><\/a><\/p>\n\n\n\n<center><script async src=\"https:\/\/eocampaign1.com\/form\/e6c209c6-881d-11ee-aa67-3b189ae02ee6.js\" data-form=\"e6c209c6-881d-11ee-aa67-3b189ae02ee6\"><\/script><\/center>\n\n\n\n<div style=\"height:100px\" aria-hidden=\"true\" class=\"wp-block-spacer\"><\/div>\n\n\n\n<p class=\"has-medium-font-size\"><strong>Tim Howard<\/strong> &#8211; <strong>R\u00e9dacteur en chef<\/strong><\/p>\n\n\n\n<p class=\"has-normal-font-size\">Tim est le r\u00e9dacteur en chef et il contr\u00f4le le contenu de Best China. Tim a termin\u00e9 ses \u00e9tudes de premier cycle en art et en psychologie. Il est le fer de lance des efforts en mati\u00e8re de contenu pour Best China, avec son \u00e9quipe. <\/p>\n\n\n\n<p>Lorsqu'il n'approuve pas le contenu de Best China, il passe du temps avec ses deux enfants \u00e0 jouer au baseball. Les passe-temps de Tim sont d'apprendre de nouvelles langues et de voyager dans le monde entier. <\/p>\n\n\n\n<figure class=\"wp-block-image size-full\"><img decoding=\"async\" width=\"500\" height=\"334\" src=\"https:\/\/bestchinaproducts.com\/wp-content\/uploads\/2022\/07\/tim-howard-1.jpg\" alt=\"\" class=\"wp-image-13402\" title=\"\" srcset=\"https:\/\/bestchinaproducts.com\/wp-content\/uploads\/2022\/07\/tim-howard-1.jpg 500w, https:\/\/bestchinaproducts.com\/wp-content\/uploads\/2022\/07\/tim-howard-1-300x200.jpg 300w, https:\/\/bestchinaproducts.com\/wp-content\/uploads\/2022\/07\/tim-howard-1-18x12.jpg 18w, https:\/\/bestchinaproducts.com\/wp-content\/uploads\/2022\/07\/tim-howard-1-263x175.jpg 263w\" sizes=\"(max-width: 500px) 100vw, 500px\" \/><\/figure>\n\n\n\n<p><\/p>\n\n\n\n<div style=\"height:100px\" aria-hidden=\"true\" class=\"wp-block-spacer\"><\/div>\n\n\n\n<p class=\"has-medium-font-size\"><strong>Kelly Jo<\/strong> &#8211; <strong>Coordonnateur et op\u00e9rations commerciales<\/strong><\/p>\n\n\n\n<p>Kelly Jo et son \u00e9quipe s'occupent du c\u00f4t\u00e9 commercial des choses. Elle participe \u00e0 l'approvisionnement en produits de Chine pour nos clients. Elle est l'\u00e9pine dorsale des op\u00e9rations de Best China Products. Sa langue maternelle est le chinois et elle peut assurer la coordination entre les fournisseurs chinois et les clients. <\/p>\n\n\n\n<figure class=\"wp-block-image size-full\"><img decoding=\"async\" width=\"500\" height=\"334\" src=\"https:\/\/bestchinaproducts.com\/wp-content\/uploads\/2022\/07\/kelly_bestChina-1.jpg\" alt=\"\" class=\"wp-image-13401\" title=\"\" srcset=\"https:\/\/bestchinaproducts.com\/wp-content\/uploads\/2022\/07\/kelly_bestChina-1.jpg 500w, https:\/\/bestchinaproducts.com\/wp-content\/uploads\/2022\/07\/kelly_bestChina-1-300x200.jpg 300w, https:\/\/bestchinaproducts.com\/wp-content\/uploads\/2022\/07\/kelly_bestChina-1-18x12.jpg 18w, https:\/\/bestchinaproducts.com\/wp-content\/uploads\/2022\/07\/kelly_bestChina-1-263x175.jpg 263w\" sizes=\"(max-width: 500px) 100vw, 500px\" \/><\/figure>\n\n\n\n<p><\/p>\n\n\n\n<div style=\"height:100px\" aria-hidden=\"true\" class=\"wp-block-spacer\"><\/div>\n\n\n\n<h2 class=\"wp-block-heading\"><strong>Alors, qu'est-ce qui fait de la Chine, ce grand centre manufacturier ?<\/strong><\/h2>\n\n\n\n<p>En r\u00e9alit\u00e9, les fabricants chinois b\u00e9n\u00e9ficient d'un soutien important de la part du gouvernement pour \u00e9tablir des centres de production de haute technologie et de haut niveau. Ils investissent beaucoup dans la R&amp;D. Et c'est pourquoi l'industrie manufacturi\u00e8re chinoise est l'une des meilleures au monde, avec les derni\u00e8res technologies en mati\u00e8re de machines et de composants. <\/p>\n\n\n\n<p>J'ai visit\u00e9 Ningbo, Guangzhou, Tianjin, Dongguan et d'autres villes. <\/p>\n\n\n\n<figure class=\"wp-block-gallery has-nested-images columns-default is-cropped wp-block-gallery-1 is-layout-flex wp-block-gallery-is-layout-flex\">\n<figure class=\"wp-block-image size-large\"><img decoding=\"async\" width=\"500\" height=\"334\" data-id=\"13404\" src=\"https:\/\/bestchinaproducts.com\/wp-content\/uploads\/2022\/07\/chinese-train-station-1.jpg\" alt=\"\" class=\"wp-image-13404\" title=\"\" srcset=\"https:\/\/bestchinaproducts.com\/wp-content\/uploads\/2022\/07\/chinese-train-station-1.jpg 500w, https:\/\/bestchinaproducts.com\/wp-content\/uploads\/2022\/07\/chinese-train-station-1-300x200.jpg 300w, https:\/\/bestchinaproducts.com\/wp-content\/uploads\/2022\/07\/chinese-train-station-1-18x12.jpg 18w, https:\/\/bestchinaproducts.com\/wp-content\/uploads\/2022\/07\/chinese-train-station-1-263x175.jpg 263w\" sizes=\"(max-width: 500px) 100vw, 500px\" \/><\/figure>\n\n\n\n<figure class=\"wp-block-image size-large\"><img decoding=\"async\" width=\"500\" height=\"333\" data-id=\"13405\" src=\"https:\/\/bestchinaproducts.com\/wp-content\/uploads\/2022\/07\/chinese-manufacturing-1.jpg\" alt=\"\" class=\"wp-image-13405\" title=\"\" srcset=\"https:\/\/bestchinaproducts.com\/wp-content\/uploads\/2022\/07\/chinese-manufacturing-1.jpg 500w, https:\/\/bestchinaproducts.com\/wp-content\/uploads\/2022\/07\/chinese-manufacturing-1-300x200.jpg 300w, https:\/\/bestchinaproducts.com\/wp-content\/uploads\/2022\/07\/chinese-manufacturing-1-18x12.jpg 18w, https:\/\/bestchinaproducts.com\/wp-content\/uploads\/2022\/07\/chinese-manufacturing-1-263x175.jpg 263w\" sizes=\"(max-width: 500px) 100vw, 500px\" \/><\/figure>\n<\/figure>","protected":false},"excerpt":{"rendered":"<p>Qui nous sommes Bonjour ! Merci de visiter mon site web. Je m'appelle Ross et je suis...<\/p>","protected":false},"author":2,"featured_media":0,"parent":0,"menu_order":0,"comment_status":"closed","ping_status":"closed","template":"","meta":{"footnotes":""},"class_list":["post-13380","page","type-page","status-publish","hentry"],"featured_image_src":null,"_links":{"self":[{"href":"https:\/\/bestchinaproducts.com\/fr\/wp-json\/wp\/v2\/pages\/13380","targetHints":{"allow":["GET"]}}],"collection":[{"href":"https:\/\/bestchinaproducts.com\/fr\/wp-json\/wp\/v2\/pages"}],"about":[{"href":"https:\/\/bestchinaproducts.com\/fr\/wp-json\/wp\/v2\/types\/page"}],"author":[{"embeddable":true,"href":"https:\/\/bestchinaproducts.com\/fr\/wp-json\/wp\/v2\/users\/2"}],"replies":[{"embeddable":true,"href":"https:\/\/bestchinaproducts.com\/fr\/wp-json\/wp\/v2\/comments?post=13380"}],"version-history":[{"count":7,"href":"https:\/\/bestchinaproducts.com\/fr\/wp-json\/wp\/v2\/pages\/13380\/revisions"}],"predecessor-version":[{"id":17747,"href":"https:\/\/bestchinaproducts.com\/fr\/wp-json\/wp\/v2\/pages\/13380\/revisions\/17747"}],"wp:attachment":[{"href":"https:\/\/bestchinaproducts.com\/fr\/wp-json\/wp\/v2\/media?parent=13380"}],"curies":[{"name":"wp","href":"https:\/\/api.w.org\/{rel}","templated":true}]}}