{"id":7600,"date":"2020-05-08T15:24:28","date_gmt":"2020-05-08T15:24:28","guid":{"rendered":"https:\/\/bestchinaproducts.com\/?page_id=7600"},"modified":"2020-05-08T15:24:30","modified_gmt":"2020-05-08T15:24:30","slug":"a-propos-de-nous","status":"publish","type":"page","link":"https:\/\/bestchinaproducts.com\/fr\/a-propos-de-nous\/","title":{"rendered":"A propos de nous"},"content":{"rendered":"<div style=\"height:100px\" aria-hidden=\"true\" class=\"wp-block-spacer\"><\/div>\n\n\n\n<h2 class=\"wp-block-heading\">\u00c0 propos de Best China Products - Dans les coulisses !<\/h2>\n\n\n\n<p>Si nous ne nous sommes pas d\u00e9j\u00e0 rencontr\u00e9s, je m'appelle Tim !\u00a0<br><\/p>\n\n\n\n<p>Merci de visiter ma page. Je suis l'heureux propri\u00e9taire de Best China Products. Je suis le critique, l'\u00e9diteur et le mod\u00e9rateur et tout ce qui se trouve entre les deux.&nbsp;<br><\/p>\n\n\n\n<p>Je consacre beaucoup de temps et d'efforts \u00e0 la r\u00e9daction de contenus utiles dont vous, le lecteur, pouvez b\u00e9n\u00e9ficier.<br><\/p>\n\n\n\n<p>Lorsque j'ai commenc\u00e9 \u00e0 \u00e9crire sur mon site web, je voulais simplement pr\u00e9senter des produits int\u00e9ressants provenant d'endroits dont vous n'avez jamais entendu parler auparavant.<br><\/p>\n\n\n\n<p>Mais lorsque j'ai commenc\u00e9 \u00e0 r\u00e9diger mon contenu, je me suis rendu compte que beaucoup de mes lecteurs posaient des questions sur la vente en gros.&nbsp;<br><\/p>\n\n\n\n<p>Les meilleurs fournisseurs sur Aliexpress<br><\/p>\n\n\n\n<p>Les meilleurs fournisseurs sur Alibaba&nbsp;<br><\/p>\n\n\n\n<p>Et d'autres\u00a0<\/p>\n\n\n\n<p>J'avais l'habitude de g\u00e9rer un site web de commerce \u00e9lectronique, o\u00f9 j'effectuais des livraisons directes pour mon entreprise. Gr\u00e2ce \u00e0 ces connaissances et \u00e0 cette exp\u00e9rience, je savais que je pouvais aider les gens \u00e0 r\u00e9pondre \u00e0 leurs questions sur l'approvisionnement et la vente en gros.<br><\/p>\n\n\n\n<p>C'est pourquoi j'ai cr\u00e9\u00e9 Best China Products.<br><\/p>\n\n\n\n<p>Mon contenu changera un peu en se concentrant sur le commerce de gros, mais cela ne veut pas dire que je ne couvrirai pas les d\u00e9taillants individuels avec les meilleurs prix.<br><\/p>\n\n\n\n<p>Le plus souvent, il s'agit d'une seule et m\u00eame chose.&nbsp;<\/p>\n\n\n\n<div style=\"height:100px\" aria-hidden=\"true\" class=\"wp-block-spacer\"><\/div>\n\n\n\n<h3 class=\"wp-block-heading\"><strong>Mon processus de r\u00e9vision<\/strong><br><\/h3>\n\n\n\n<p>Ma m\u00e9thode pour r\u00e9diger des avis et trouver des vendeurs est simple : je fais preuve de diligence raisonnable en ce qui concerne l'entreprise.&nbsp;<br><\/p>\n\n\n\n<ul class=\"wp-block-list\"><li>Notes des vendeurs&nbsp;<\/li><li>Produits des vendeurs&nbsp;<\/li><li>Avis des vendeurs<\/li><li>Ant\u00e9c\u00e9dents des vendeurs&nbsp;<\/li><li>R\u00e9ponses des vendeurs aux clients&nbsp;<\/li><\/ul>\n\n\n\n<ul class=\"wp-block-list\"><li>\u00c9chantillons de produits et examen&nbsp;<\/li><li>Communiquez avec le vendeur et v\u00e9rifiez sa r\u00e9ponse&nbsp;<\/li><\/ul>\n\n\n\n<div style=\"height:100px\" aria-hidden=\"true\" class=\"wp-block-spacer\"><\/div>\n\n\n\n<h3 class=\"wp-block-heading\"><strong>Divulgation des affiliations&nbsp;<\/strong><br><\/h3>\n\n\n\n<p>Sur mon site, je recommande des produits provenant d'Aliexpress, Dhgate et Amazon. Il se peut que je touche une petite commission lorsque vous achetez un produit via mes liens. C'est ainsi que je peux faire fonctionner le site et payer mes recherches, mon temps, mes produits et plus encore.\u00a0<\/p>","protected":false},"excerpt":{"rendered":"<p>\u00c0 propos de Best China Products - Dans les coulisses ! Si nous ne nous sommes pas d\u00e9j\u00e0 rencontr\u00e9s, je m'appelle Tim ! ...<\/p>","protected":false},"author":2,"featured_media":0,"parent":0,"menu_order":0,"comment_status":"closed","ping_status":"closed","template":"","meta":{"footnotes":""},"class_list":["post-7600","page","type-page","status-publish","hentry"],"featured_image_src":null,"_links":{"self":[{"href":"https:\/\/bestchinaproducts.com\/fr\/wp-json\/wp\/v2\/pages\/7600","targetHints":{"allow":["GET"]}}],"collection":[{"href":"https:\/\/bestchinaproducts.com\/fr\/wp-json\/wp\/v2\/pages"}],"about":[{"href":"https:\/\/bestchinaproducts.com\/fr\/wp-json\/wp\/v2\/types\/page"}],"author":[{"embeddable":true,"href":"https:\/\/bestchinaproducts.com\/fr\/wp-json\/wp\/v2\/users\/2"}],"replies":[{"embeddable":true,"href":"https:\/\/bestchinaproducts.com\/fr\/wp-json\/wp\/v2\/comments?post=7600"}],"version-history":[{"count":0,"href":"https:\/\/bestchinaproducts.com\/fr\/wp-json\/wp\/v2\/pages\/7600\/revisions"}],"wp:attachment":[{"href":"https:\/\/bestchinaproducts.com\/fr\/wp-json\/wp\/v2\/media?parent=7600"}],"curies":[{"name":"wp","href":"https:\/\/api.w.org\/{rel}","templated":true}]}}