{"id":13380,"date":"2022-07-02T10:07:03","date_gmt":"2022-07-02T10:07:03","guid":{"rendered":"https:\/\/bestchinaproducts.com\/?page_id=13380"},"modified":"2023-11-22T06:11:25","modified_gmt":"2023-11-22T06:11:25","slug":"perche-i-migliori-prodotti-cinesi","status":"publish","type":"page","link":"https:\/\/bestchinaproducts.com\/it\/perche-i-migliori-prodotti-cinesi\/","title":{"rendered":"Il mio viaggio con i prodotti Best China"},"content":{"rendered":"<p class=\"has-huge-font-size\"><strong>Chi siamo<\/strong><\/p>\n\n\n\n<p>Ciao a tutti!<\/p>\n\n\n\n<p>Grazie per aver visitato il mio sito web. Sono Ross e sono il proprietario di Best China Products. Da molti anni scrivo blog sulla Cina. Quello che \u00e8 iniziato come un hobby per scegliere prodotti interessanti dalla Cina \u00e8 diventato una vera e propria passione e una piccola impresa.<\/p>\n\n\n\n<p>Ho aiutato numerose aziende in tutto il mondo a rifornirsi di merci grazie al rapporto che ho instaurato con i produttori e i fornitori. <\/p>\n\n\n\n<p>Questo blog \u00e8 un'estensione di tutti gli interessanti prodotti cinesi che ho incontrato nel corso degli anni. Mi occupo dei fornitori e dei produttori affidabili e con prodotti unici. Questo sono io in poche parole!<\/p>\n\n\n\n<p><a href=\"https:\/\/www.pinterest.com\/bestchinaproducts\/\" target=\"_blank\" rel=\"noreferrer noopener nofollow sponsored\"><strong>Date un'occhiata al nostro Pinterest - dove condividiamo tutti i prodotti pi\u00f9 belli provenienti dalla Cina!<\/strong><\/a><\/p>\n\n\n\n<center><script async src=\"https:\/\/eocampaign1.com\/form\/e6c209c6-881d-11ee-aa67-3b189ae02ee6.js\" data-form=\"e6c209c6-881d-11ee-aa67-3b189ae02ee6\"><\/script><\/center>\n\n\n\n<div style=\"height:100px\" aria-hidden=\"true\" class=\"wp-block-spacer\"><\/div>\n\n\n\n<p class=\"has-medium-font-size\"><strong>Tim Howard<\/strong> &#8211; <strong>Redattore senior<\/strong><\/p>\n\n\n\n<p class=\"has-normal-font-size\">Tim \u00e8 il Senior Editor e controlla i contenuti di Best China. Tim si \u00e8 laureato in Arte e Psicologia. Insieme al suo team, ha guidato gli sforzi per i contenuti di Best China. <\/p>\n\n\n\n<p>Quando non approva i contenuti di Best China, trascorre il tempo con i suoi due figli giocando a baseball. Gli hobby di Tim sono imparare nuove lingue e viaggiare per il mondo. <\/p>\n\n\n\n<figure class=\"wp-block-image size-full\"><img decoding=\"async\" width=\"500\" height=\"334\" src=\"https:\/\/bestchinaproducts.com\/wp-content\/uploads\/2022\/07\/tim-howard-1.jpg\" alt=\"\" class=\"wp-image-13402\" title=\"\" srcset=\"https:\/\/bestchinaproducts.com\/wp-content\/uploads\/2022\/07\/tim-howard-1.jpg 500w, https:\/\/bestchinaproducts.com\/wp-content\/uploads\/2022\/07\/tim-howard-1-300x200.jpg 300w, https:\/\/bestchinaproducts.com\/wp-content\/uploads\/2022\/07\/tim-howard-1-18x12.jpg 18w, https:\/\/bestchinaproducts.com\/wp-content\/uploads\/2022\/07\/tim-howard-1-263x175.jpg 263w\" sizes=\"(max-width: 500px) 100vw, 500px\" \/><\/figure>\n\n\n\n<p><\/p>\n\n\n\n<div style=\"height:100px\" aria-hidden=\"true\" class=\"wp-block-spacer\"><\/div>\n\n\n\n<p class=\"has-medium-font-size\"><strong>Kelly Jo<\/strong> &#8211; <strong>Coordinatore e operazioni commerciali<\/strong><\/p>\n\n\n\n<p>Kelly Jo e il suo team si occupano dell'aspetto commerciale. Ci aiuta a reperire i prodotti dalla Cina per i nostri clienti. \u00c8 la colonna portante delle operazioni di Best China Products. \u00c8 madrelingua cinese e pu\u00f2 coordinare i fornitori cinesi e i clienti. <\/p>\n\n\n\n<figure class=\"wp-block-image size-full\"><img decoding=\"async\" width=\"500\" height=\"334\" src=\"https:\/\/bestchinaproducts.com\/wp-content\/uploads\/2022\/07\/kelly_bestChina-1.jpg\" alt=\"\" class=\"wp-image-13401\" title=\"\" srcset=\"https:\/\/bestchinaproducts.com\/wp-content\/uploads\/2022\/07\/kelly_bestChina-1.jpg 500w, https:\/\/bestchinaproducts.com\/wp-content\/uploads\/2022\/07\/kelly_bestChina-1-300x200.jpg 300w, https:\/\/bestchinaproducts.com\/wp-content\/uploads\/2022\/07\/kelly_bestChina-1-18x12.jpg 18w, https:\/\/bestchinaproducts.com\/wp-content\/uploads\/2022\/07\/kelly_bestChina-1-263x175.jpg 263w\" sizes=\"(max-width: 500px) 100vw, 500px\" \/><\/figure>\n\n\n\n<p><\/p>\n\n\n\n<div style=\"height:100px\" aria-hidden=\"true\" class=\"wp-block-spacer\"><\/div>\n\n\n\n<h2 class=\"wp-block-heading\"><strong>Cosa rende la Cina un grande polo produttivo?<\/strong><\/h2>\n\n\n\n<p>La realt\u00e0 \u00e8 che i produttori cinesi ricevono molti aiuti dal governo per creare centri di produzione ad alta tecnologia e di alto profilo. Investono molto in ricerca e sviluppo. Ecco perch\u00e9 la produzione cinese \u00e8 una delle migliori al mondo, con macchinari e componenti di ultima generazione. <\/p>\n\n\n\n<p>Ho visitato Ningbo, Guangzhou, Tianjin, Dongguan e altre citt\u00e0. <\/p>\n\n\n\n<figure class=\"wp-block-gallery has-nested-images columns-default is-cropped wp-block-gallery-1 is-layout-flex wp-block-gallery-is-layout-flex\">\n<figure class=\"wp-block-image size-large\"><img decoding=\"async\" width=\"500\" height=\"334\" data-id=\"13404\" src=\"https:\/\/bestchinaproducts.com\/wp-content\/uploads\/2022\/07\/chinese-train-station-1.jpg\" alt=\"\" class=\"wp-image-13404\" title=\"\" srcset=\"https:\/\/bestchinaproducts.com\/wp-content\/uploads\/2022\/07\/chinese-train-station-1.jpg 500w, https:\/\/bestchinaproducts.com\/wp-content\/uploads\/2022\/07\/chinese-train-station-1-300x200.jpg 300w, https:\/\/bestchinaproducts.com\/wp-content\/uploads\/2022\/07\/chinese-train-station-1-18x12.jpg 18w, https:\/\/bestchinaproducts.com\/wp-content\/uploads\/2022\/07\/chinese-train-station-1-263x175.jpg 263w\" sizes=\"(max-width: 500px) 100vw, 500px\" \/><\/figure>\n\n\n\n<figure class=\"wp-block-image size-large\"><img decoding=\"async\" width=\"500\" height=\"333\" data-id=\"13405\" src=\"https:\/\/bestchinaproducts.com\/wp-content\/uploads\/2022\/07\/chinese-manufacturing-1.jpg\" alt=\"\" class=\"wp-image-13405\" title=\"\" srcset=\"https:\/\/bestchinaproducts.com\/wp-content\/uploads\/2022\/07\/chinese-manufacturing-1.jpg 500w, https:\/\/bestchinaproducts.com\/wp-content\/uploads\/2022\/07\/chinese-manufacturing-1-300x200.jpg 300w, https:\/\/bestchinaproducts.com\/wp-content\/uploads\/2022\/07\/chinese-manufacturing-1-18x12.jpg 18w, https:\/\/bestchinaproducts.com\/wp-content\/uploads\/2022\/07\/chinese-manufacturing-1-263x175.jpg 263w\" sizes=\"(max-width: 500px) 100vw, 500px\" \/><\/figure>\n<\/figure>","protected":false},"excerpt":{"rendered":"<p>Chi siamo Salve! Grazie per aver visitato il mio sito web. Sono Ross e sono...<\/p>","protected":false},"author":2,"featured_media":0,"parent":0,"menu_order":0,"comment_status":"closed","ping_status":"closed","template":"","meta":{"footnotes":""},"class_list":["post-13380","page","type-page","status-publish","hentry"],"featured_image_src":null,"_links":{"self":[{"href":"https:\/\/bestchinaproducts.com\/it\/wp-json\/wp\/v2\/pages\/13380","targetHints":{"allow":["GET"]}}],"collection":[{"href":"https:\/\/bestchinaproducts.com\/it\/wp-json\/wp\/v2\/pages"}],"about":[{"href":"https:\/\/bestchinaproducts.com\/it\/wp-json\/wp\/v2\/types\/page"}],"author":[{"embeddable":true,"href":"https:\/\/bestchinaproducts.com\/it\/wp-json\/wp\/v2\/users\/2"}],"replies":[{"embeddable":true,"href":"https:\/\/bestchinaproducts.com\/it\/wp-json\/wp\/v2\/comments?post=13380"}],"version-history":[{"count":7,"href":"https:\/\/bestchinaproducts.com\/it\/wp-json\/wp\/v2\/pages\/13380\/revisions"}],"predecessor-version":[{"id":17747,"href":"https:\/\/bestchinaproducts.com\/it\/wp-json\/wp\/v2\/pages\/13380\/revisions\/17747"}],"wp:attachment":[{"href":"https:\/\/bestchinaproducts.com\/it\/wp-json\/wp\/v2\/media?parent=13380"}],"curies":[{"name":"wp","href":"https:\/\/api.w.org\/{rel}","templated":true}]}}