{"id":13380,"date":"2022-07-02T10:07:03","date_gmt":"2022-07-02T10:07:03","guid":{"rendered":"https:\/\/bestchinaproducts.com\/?page_id=13380"},"modified":"2023-11-22T06:11:25","modified_gmt":"2023-11-22T06:11:25","slug":"dlaczego-najlepsze-chinskie-produkty","status":"publish","type":"page","link":"https:\/\/bestchinaproducts.com\/pl\/dlaczego-najlepsze-chinskie-produkty\/","title":{"rendered":"Moja podr\u00f3\u017c z produktami Best China"},"content":{"rendered":"<p class=\"has-huge-font-size\"><strong>Kim jeste\u015bmy<\/strong><\/p>\n\n\n\n<p>Cze\u015b\u0107!<\/p>\n\n\n\n<p>Dzi\u0119kuj\u0119 za odwiedzenie mojej strony internetowej. Jestem Ross i jestem w\u0142a\u015bcicielem Best China Products. Bloguj\u0119 o Chinach ju\u017c od wielu lat. To, co zacz\u0119\u0142o si\u0119 jako hobby polegaj\u0105ce na wybieraniu interesuj\u0105cych towar\u00f3w z Chin, sta\u0142o si\u0119 pe\u0142noprawn\u0105 pasj\u0105 i ma\u0142ym biznesem.<\/p>\n\n\n\n<p>Pomog\u0142em wielu firmom na ca\u0142ym \u015bwiecie w pozyskiwaniu towar\u00f3w, bior\u0105c pod uwag\u0119 relacje, kt\u00f3re zbudowa\u0142em z producentami i dostawcami. <\/p>\n\n\n\n<p>Ten blog jest rozszerzeniem wszystkich interesuj\u0105cych chi\u0144skich produkt\u00f3w, z kt\u00f3rymi zetkn\u0105\u0142em si\u0119 na przestrzeni lat. Opisuj\u0119 dostawc\u00f3w i producent\u00f3w, kt\u00f3rzy s\u0105 godni zaufania i maj\u0105 wyj\u0105tkowe produkty. To ja w pigu\u0142ce!<\/p>\n\n\n\n<p><a href=\"https:\/\/www.pinterest.com\/bestchinaproducts\/\" target=\"_blank\" rel=\"noreferrer noopener nofollow sponsored\"><strong>Sprawd\u017a nasz Pinterest - gdzie dzielimy si\u0119 wszystkimi fajnymi produktami z Chin!<\/strong><\/a><\/p>\n\n\n\n<center><script async src=\"https:\/\/eocampaign1.com\/form\/e6c209c6-881d-11ee-aa67-3b189ae02ee6.js\" data-form=\"e6c209c6-881d-11ee-aa67-3b189ae02ee6\"><\/script><\/center>\n\n\n\n<div style=\"height:100px\" aria-hidden=\"true\" class=\"wp-block-spacer\"><\/div>\n\n\n\n<p class=\"has-medium-font-size\"><strong>Tim Howard<\/strong> &#8211; <strong>Starszy redaktor<\/strong><\/p>\n\n\n\n<p class=\"has-normal-font-size\">Tim jest starszym redaktorem i kontroluje zawarto\u015b\u0107 Best China. Tim uko\u0144czy\u0142 studia licencjackie w dziedzinie sztuki i psychologii. Wraz ze swoim zespo\u0142em przewodzi pracom nad tre\u015bciami dla Best China. <\/p>\n\n\n\n<p>Kiedy nie zatwierdza tre\u015bci dla Best China, sp\u0119dza czas z dw\u00f3jk\u0105 swoich dzieci graj\u0105c w baseball. Hobby Tima to nauka nowych j\u0119zyk\u00f3w i podr\u00f3\u017cowanie po \u015bwiecie. <\/p>\n\n\n\n<figure class=\"wp-block-image size-full\"><img decoding=\"async\" width=\"500\" height=\"334\" src=\"https:\/\/bestchinaproducts.com\/wp-content\/uploads\/2022\/07\/tim-howard-1.jpg\" alt=\"\" class=\"wp-image-13402\" title=\"\" srcset=\"https:\/\/bestchinaproducts.com\/wp-content\/uploads\/2022\/07\/tim-howard-1.jpg 500w, https:\/\/bestchinaproducts.com\/wp-content\/uploads\/2022\/07\/tim-howard-1-300x200.jpg 300w, https:\/\/bestchinaproducts.com\/wp-content\/uploads\/2022\/07\/tim-howard-1-18x12.jpg 18w, https:\/\/bestchinaproducts.com\/wp-content\/uploads\/2022\/07\/tim-howard-1-263x175.jpg 263w\" sizes=\"(max-width: 500px) 100vw, 500px\" \/><\/figure>\n\n\n\n<p><\/p>\n\n\n\n<div style=\"height:100px\" aria-hidden=\"true\" class=\"wp-block-spacer\"><\/div>\n\n\n\n<p class=\"has-medium-font-size\"><strong>Kelly Jo<\/strong> &#8211; <strong>Koordynator i operacje biznesowe<\/strong><\/p>\n\n\n\n<p>Kelly Jo i jej zesp\u00f3\u0142 zajmuj\u0105 si\u0119 stron\u0105 biznesow\u0105. Pomaga w pozyskiwaniu produkt\u00f3w z Chin dla naszych klient\u00f3w. Jest kr\u0119gos\u0142upem operacji w Best China Products. Jest native speakerem j\u0119zyka chi\u0144skiego i mo\u017ce koordynowa\u0107 dzia\u0142ania mi\u0119dzy chi\u0144skimi dostawcami i klientami. <\/p>\n\n\n\n<figure class=\"wp-block-image size-full\"><img decoding=\"async\" width=\"500\" height=\"334\" src=\"https:\/\/bestchinaproducts.com\/wp-content\/uploads\/2022\/07\/kelly_bestChina-1.jpg\" alt=\"\" class=\"wp-image-13401\" title=\"\" srcset=\"https:\/\/bestchinaproducts.com\/wp-content\/uploads\/2022\/07\/kelly_bestChina-1.jpg 500w, https:\/\/bestchinaproducts.com\/wp-content\/uploads\/2022\/07\/kelly_bestChina-1-300x200.jpg 300w, https:\/\/bestchinaproducts.com\/wp-content\/uploads\/2022\/07\/kelly_bestChina-1-18x12.jpg 18w, https:\/\/bestchinaproducts.com\/wp-content\/uploads\/2022\/07\/kelly_bestChina-1-263x175.jpg 263w\" sizes=\"(max-width: 500px) 100vw, 500px\" \/><\/figure>\n\n\n\n<p><\/p>\n\n\n\n<div style=\"height:100px\" aria-hidden=\"true\" class=\"wp-block-spacer\"><\/div>\n\n\n\n<h2 class=\"wp-block-heading\"><strong>Co sprawia, \u017ce Chiny s\u0105 tak wielkim o\u015brodkiem produkcyjnym?<\/strong><\/h2>\n\n\n\n<p>Rzeczywisto\u015b\u0107 jest taka, \u017ce chi\u0144scy producenci otrzymuj\u0105 du\u017ce wsparcie od rz\u0105du w tworzeniu zaawansowanych technologicznie, presti\u017cowych centr\u00f3w produkcyjnych. Du\u017co inwestuj\u0105 w badania i rozw\u00f3j. To w\u0142a\u015bnie dlatego chi\u0144ska produkcja jest jedn\u0105 z najlepszych na \u015bwiecie dzi\u0119ki najnowszym technologiom w zakresie maszyn i komponent\u00f3w. <\/p>\n\n\n\n<p>Odwiedzi\u0142em Ningbo, Guangzhou, Tianjin, Dongguan i inne miasta. <\/p>\n\n\n\n<figure class=\"wp-block-gallery has-nested-images columns-default is-cropped wp-block-gallery-1 is-layout-flex wp-block-gallery-is-layout-flex\">\n<figure class=\"wp-block-image size-large\"><img decoding=\"async\" width=\"500\" height=\"334\" data-id=\"13404\" src=\"https:\/\/bestchinaproducts.com\/wp-content\/uploads\/2022\/07\/chinese-train-station-1.jpg\" alt=\"\" class=\"wp-image-13404\" title=\"\" srcset=\"https:\/\/bestchinaproducts.com\/wp-content\/uploads\/2022\/07\/chinese-train-station-1.jpg 500w, https:\/\/bestchinaproducts.com\/wp-content\/uploads\/2022\/07\/chinese-train-station-1-300x200.jpg 300w, https:\/\/bestchinaproducts.com\/wp-content\/uploads\/2022\/07\/chinese-train-station-1-18x12.jpg 18w, https:\/\/bestchinaproducts.com\/wp-content\/uploads\/2022\/07\/chinese-train-station-1-263x175.jpg 263w\" sizes=\"(max-width: 500px) 100vw, 500px\" \/><\/figure>\n\n\n\n<figure class=\"wp-block-image size-large\"><img decoding=\"async\" width=\"500\" height=\"333\" data-id=\"13405\" src=\"https:\/\/bestchinaproducts.com\/wp-content\/uploads\/2022\/07\/chinese-manufacturing-1.jpg\" alt=\"\" class=\"wp-image-13405\" title=\"\" srcset=\"https:\/\/bestchinaproducts.com\/wp-content\/uploads\/2022\/07\/chinese-manufacturing-1.jpg 500w, https:\/\/bestchinaproducts.com\/wp-content\/uploads\/2022\/07\/chinese-manufacturing-1-300x200.jpg 300w, https:\/\/bestchinaproducts.com\/wp-content\/uploads\/2022\/07\/chinese-manufacturing-1-18x12.jpg 18w, https:\/\/bestchinaproducts.com\/wp-content\/uploads\/2022\/07\/chinese-manufacturing-1-263x175.jpg 263w\" sizes=\"(max-width: 500px) 100vw, 500px\" \/><\/figure>\n<\/figure>","protected":false},"excerpt":{"rendered":"<p>Kim jeste\u015bmy Cze\u015b\u0107! Dzi\u0119kuj\u0119 za odwiedzenie mojej strony. Jestem Ross i jestem...<\/p>","protected":false},"author":2,"featured_media":0,"parent":0,"menu_order":0,"comment_status":"closed","ping_status":"closed","template":"","meta":{"footnotes":""},"class_list":["post-13380","page","type-page","status-publish","hentry"],"featured_image_src":null,"_links":{"self":[{"href":"https:\/\/bestchinaproducts.com\/pl\/wp-json\/wp\/v2\/pages\/13380","targetHints":{"allow":["GET"]}}],"collection":[{"href":"https:\/\/bestchinaproducts.com\/pl\/wp-json\/wp\/v2\/pages"}],"about":[{"href":"https:\/\/bestchinaproducts.com\/pl\/wp-json\/wp\/v2\/types\/page"}],"author":[{"embeddable":true,"href":"https:\/\/bestchinaproducts.com\/pl\/wp-json\/wp\/v2\/users\/2"}],"replies":[{"embeddable":true,"href":"https:\/\/bestchinaproducts.com\/pl\/wp-json\/wp\/v2\/comments?post=13380"}],"version-history":[{"count":7,"href":"https:\/\/bestchinaproducts.com\/pl\/wp-json\/wp\/v2\/pages\/13380\/revisions"}],"predecessor-version":[{"id":17747,"href":"https:\/\/bestchinaproducts.com\/pl\/wp-json\/wp\/v2\/pages\/13380\/revisions\/17747"}],"wp:attachment":[{"href":"https:\/\/bestchinaproducts.com\/pl\/wp-json\/wp\/v2\/media?parent=13380"}],"curies":[{"name":"wp","href":"https:\/\/api.w.org\/{rel}","templated":true}]}}