{"id":7600,"date":"2020-05-08T15:24:28","date_gmt":"2020-05-08T15:24:28","guid":{"rendered":"https:\/\/bestchinaproducts.com\/?page_id=7600"},"modified":"2020-05-08T15:24:30","modified_gmt":"2020-05-08T15:24:30","slug":"o-nas","status":"publish","type":"page","link":"https:\/\/bestchinaproducts.com\/pl\/o-nas\/","title":{"rendered":"O nas"},"content":{"rendered":"<div style=\"height:100px\" aria-hidden=\"true\" class=\"wp-block-spacer\"><\/div>\n\n\n\n<h2 class=\"wp-block-heading\">O Best China Products - za kulisami!<\/h2>\n\n\n\n<p>Je\u015bli jeszcze si\u0119 nie znamy, jestem Tim!\u00a0<br><\/p>\n\n\n\n<p>Dzi\u0119kuj\u0119 za odwiedzenie mojej strony. Jestem dumnym w\u0142a\u015bcicielem Best China Products. Jestem recenzentem, redaktorem, moderatorem i wszystkim pomi\u0119dzy.&nbsp;<br><\/p>\n\n\n\n<p>Po\u015bwi\u0119cam du\u017co czasu i wysi\u0142ku, aby pisa\u0107 przydatne tre\u015bci, kt\u00f3re mog\u0105 przynie\u015b\u0107 korzy\u015bci Tobie, czytelnikowi.<br><\/p>\n\n\n\n<p>Kiedy zacz\u0105\u0142em pisa\u0107 na mojej stronie, chcia\u0142em po prostu zaprezentowa\u0107 ciekawe produkty z miejsc, o kt\u00f3rych nigdy wcze\u015bniej nie s\u0142ysza\u0142e\u015b.<br><\/p>\n\n\n\n<p>Ale kiedy zacz\u0105\u0142em pisa\u0107 moje tre\u015bci, zda\u0142em sobie spraw\u0119, \u017ce wielu moich czytelnik\u00f3w zadawa\u0142o pytania zwi\u0105zane z sprzeda\u017c\u0105 hurtow\u0105.&nbsp;<br><\/p>\n\n\n\n<p>Najlepsi dostawcy na Aliexpress<br><\/p>\n\n\n\n<p>Najlepsi dostawcy na Alibaba&nbsp;<br><\/p>\n\n\n\n<p>I inni\u00a0<\/p>\n\n\n\n<p>Kiedy\u015b prowadzi\u0142em witryn\u0119 e-commerce, na kt\u00f3rej wysy\u0142a\u0142em towary dla mojej firmy, a dzi\u0119ki tej wiedzy i do\u015bwiadczeniu wiedzia\u0142em, \u017ce mog\u0119 pom\u00f3c ludziom w ich zapytaniach dotycz\u0105cych zaopatrzenia i sprzeda\u017cy hurtowej.<br><\/p>\n\n\n\n<p>Dlatego w\u0142a\u015bnie stworzy\u0142em Best China Products.<br><\/p>\n\n\n\n<p>Moje tre\u015bci zmieni\u0105 si\u0119 nieco, skupiaj\u0105c si\u0119 na sprzeda\u017cy hurtowej, ale nie oznacza to, \u017ce nie b\u0119d\u0119 opisywa\u0142 poszczeg\u00f3lnych sprzedawc\u00f3w detalicznych z najlepszymi cenami.<br><\/p>\n\n\n\n<p>Najcz\u0119\u015bciej jest to jedno i to samo.&nbsp;<\/p>\n\n\n\n<div style=\"height:100px\" aria-hidden=\"true\" class=\"wp-block-spacer\"><\/div>\n\n\n\n<h3 class=\"wp-block-heading\"><strong>M\u00f3j proces recenzji<\/strong><br><\/h3>\n\n\n\n<p>M\u00f3j proces pisania recenzji i znajdowania sprzedawc\u00f3w jest prosty, dok\u0142adam nale\u017cytej staranno\u015bci w odniesieniu do&nbsp;<br><\/p>\n\n\n\n<ul class=\"wp-block-list\"><li>Oceny sprzedawc\u00f3w&nbsp;<\/li><li>Sprzedawane produkty&nbsp;<\/li><li>Recenzje sprzedawc\u00f3w<\/li><li>Historia sprzedawcy&nbsp;<\/li><li>Odpowiedzi sprzedawc\u00f3w dla klient\u00f3w&nbsp;<\/li><\/ul>\n\n\n\n<ul class=\"wp-block-list\"><li>Pr\u00f3bki i przegl\u0105d produkt\u00f3w&nbsp;<\/li><li>Skontaktuj si\u0119 ze sprzedawc\u0105 i sprawd\u017a jego reakcj\u0119.&nbsp;<\/li><\/ul>\n\n\n\n<div style=\"height:100px\" aria-hidden=\"true\" class=\"wp-block-spacer\"><\/div>\n\n\n\n<h3 class=\"wp-block-heading\"><strong>Ujawnienie informacji o partnerach&nbsp;<\/strong><br><\/h3>\n\n\n\n<p>Na mojej stronie polecam produkty z Aliexpress, Dhgate i Amazon. Mog\u0119 zarobi\u0107 niewielk\u0105 op\u0142at\u0119, gdy kupisz produkt za po\u015brednictwem moich link\u00f3w. W ten spos\u00f3b mog\u0119 utrzyma\u0107 witryn\u0119 i p\u0142aci\u0107 za moje badania, czas, produkty i nie tylko.\u00a0<\/p>","protected":false},"excerpt":{"rendered":"<p>O Best China Products - za kulisami! Je\u015bli jeszcze si\u0119 nie znamy, jestem Tim! ...<\/p>","protected":false},"author":2,"featured_media":0,"parent":0,"menu_order":0,"comment_status":"closed","ping_status":"closed","template":"","meta":{"footnotes":""},"class_list":["post-7600","page","type-page","status-publish","hentry"],"featured_image_src":null,"_links":{"self":[{"href":"https:\/\/bestchinaproducts.com\/pl\/wp-json\/wp\/v2\/pages\/7600","targetHints":{"allow":["GET"]}}],"collection":[{"href":"https:\/\/bestchinaproducts.com\/pl\/wp-json\/wp\/v2\/pages"}],"about":[{"href":"https:\/\/bestchinaproducts.com\/pl\/wp-json\/wp\/v2\/types\/page"}],"author":[{"embeddable":true,"href":"https:\/\/bestchinaproducts.com\/pl\/wp-json\/wp\/v2\/users\/2"}],"replies":[{"embeddable":true,"href":"https:\/\/bestchinaproducts.com\/pl\/wp-json\/wp\/v2\/comments?post=7600"}],"version-history":[{"count":0,"href":"https:\/\/bestchinaproducts.com\/pl\/wp-json\/wp\/v2\/pages\/7600\/revisions"}],"wp:attachment":[{"href":"https:\/\/bestchinaproducts.com\/pl\/wp-json\/wp\/v2\/media?parent=7600"}],"curies":[{"name":"wp","href":"https:\/\/api.w.org\/{rel}","templated":true}]}}