{"id":13380,"date":"2022-07-02T10:07:03","date_gmt":"2022-07-02T10:07:03","guid":{"rendered":"https:\/\/bestchinaproducts.com\/?page_id=13380"},"modified":"2023-11-22T06:11:25","modified_gmt":"2023-11-22T06:11:25","slug":"por-que-os-melhores-produtos-da-china","status":"publish","type":"page","link":"https:\/\/bestchinaproducts.com\/pt-br\/porque-melhores-china-produtos\/","title":{"rendered":"Minha Viagem com os Melhores Produtos da China"},"content":{"rendered":"<p class=\"has-huge-font-size\"><strong>Quem somos<\/strong><\/p>\n\n\n\n<p>Ol\u00e1!<\/p>\n\n\n\n<p>Obrigado por visitar meu site. Eu sou Ross e sou o propriet\u00e1rio da Best China Products. H\u00e1 muitos anos que bloguei sobre a China. O que come\u00e7ou como um hobby de escolher produtos interessantes da China tornou-se uma verdadeira paix\u00e3o e um pequeno neg\u00f3cio.<\/p>\n\n\n\n<p>Ajudei numerosas empresas em todo o mundo com suas compras de mercadorias considerando a rela\u00e7\u00e3o que constru\u00ed com os fabricantes e fornecedores. <\/p>\n\n\n\n<p>Este blog \u00e9 uma extens\u00e3o de todos os produtos chineses interessantes que encontrei ao longo dos anos. Eu cubro os fornecedores e fabricantes que s\u00e3o confi\u00e1veis e t\u00eam alguns produtos \u00fanicos. Sou eu, em poucas palavras!<\/p>\n\n\n\n<p><a href=\"https:\/\/www.pinterest.com\/bestchinaproducts\/\" target=\"_blank\" rel=\"noreferrer noopener nofollow sponsored\"><strong>Confira nosso Pinterest - Onde compartilhamos todos os produtos cool da China!<\/strong><\/a><\/p>\n\n\n\n<center><script async src=\"https:\/\/eocampaign1.com\/form\/e6c209c6-881d-11ee-aa67-3b189ae02ee6.js\" data-form=\"e6c209c6-881d-11ee-aa67-3b189ae02ee6\"><\/script><\/center>\n\n\n\n<div style=\"height:100px\" aria-hidden=\"true\" class=\"wp-block-spacer\"><\/div>\n\n\n\n<p class=\"has-medium-font-size\"><strong>Tim Howard<\/strong> &#8211; <strong>Editor S\u00eanior<\/strong><\/p>\n\n\n\n<p class=\"has-normal-font-size\">Tim \u00e9 o editor s\u00eanior e ele controla o conte\u00fado na Best China. Tim terminou sua gradua\u00e7\u00e3o em Arte e Psicologia. Ele tem liderado os esfor\u00e7os de conte\u00fado para a Best China, juntamente com sua equipe. <\/p>\n\n\n\n<p>Quando ele n\u00e3o aprova o conte\u00fado para Best China, ele passa tempo com seus dois filhos jogando beisebol. Os passatempos de Tim s\u00e3o aprender novos idiomas e viajar pelo mundo. <\/p>\n\n\n\n<figure class=\"wp-block-image size-full\"><img decoding=\"async\" width=\"500\" height=\"334\" src=\"https:\/\/bestchinaproducts.com\/wp-content\/uploads\/2022\/07\/tim-howard-1.jpg\" alt=\"\" class=\"wp-image-13402\" title=\"\" srcset=\"https:\/\/bestchinaproducts.com\/wp-content\/uploads\/2022\/07\/tim-howard-1.jpg 500w, https:\/\/bestchinaproducts.com\/wp-content\/uploads\/2022\/07\/tim-howard-1-300x200.jpg 300w, https:\/\/bestchinaproducts.com\/wp-content\/uploads\/2022\/07\/tim-howard-1-18x12.jpg 18w, https:\/\/bestchinaproducts.com\/wp-content\/uploads\/2022\/07\/tim-howard-1-263x175.jpg 263w\" sizes=\"(max-width: 500px) 100vw, 500px\" \/><\/figure>\n\n\n\n<p><\/p>\n\n\n\n<div style=\"height:100px\" aria-hidden=\"true\" class=\"wp-block-spacer\"><\/div>\n\n\n\n<p class=\"has-medium-font-size\"><strong>Kelly Jo<\/strong> &#8211; <strong>Coordenadora e Opera\u00e7\u00f5es Comerciais<\/strong><\/p>\n\n\n\n<p>Kelly Jo e sua equipe lidam com o lado comercial das coisas. Ela ajuda com o fornecimento dos produtos da China para nossos clientes. Ela \u00e9 a espinha dorsal das opera\u00e7\u00f5es da Best China Products. Ela \u00e9 uma falante nativa da China e pode coordenar entre fornecedores e clientes chineses. <\/p>\n\n\n\n<figure class=\"wp-block-image size-full\"><img decoding=\"async\" width=\"500\" height=\"334\" src=\"https:\/\/bestchinaproducts.com\/wp-content\/uploads\/2022\/07\/kelly_bestChina-1.jpg\" alt=\"\" class=\"wp-image-13401\" title=\"\" srcset=\"https:\/\/bestchinaproducts.com\/wp-content\/uploads\/2022\/07\/kelly_bestChina-1.jpg 500w, https:\/\/bestchinaproducts.com\/wp-content\/uploads\/2022\/07\/kelly_bestChina-1-300x200.jpg 300w, https:\/\/bestchinaproducts.com\/wp-content\/uploads\/2022\/07\/kelly_bestChina-1-18x12.jpg 18w, https:\/\/bestchinaproducts.com\/wp-content\/uploads\/2022\/07\/kelly_bestChina-1-263x175.jpg 263w\" sizes=\"(max-width: 500px) 100vw, 500px\" \/><\/figure>\n\n\n\n<p><\/p>\n\n\n\n<div style=\"height:100px\" aria-hidden=\"true\" class=\"wp-block-spacer\"><\/div>\n\n\n\n<h2 class=\"wp-block-heading\"><strong>Ent\u00e3o o que faz da China, este grande centro de manufatura?<\/strong><\/h2>\n\n\n\n<p>A realidade \u00e9 que os fabricantes chineses recebem muito apoio do governo para estabelecer centros de fabrica\u00e7\u00e3o de alta tecnologia e de alto perfil. Eles investem muito em P&amp;D. E \u00e9 por isso que a fabrica\u00e7\u00e3o da China \u00e9 uma das melhores do mundo com a mais recente tecnologia em m\u00e1quinas e componentes. <\/p>\n\n\n\n<p>J\u00e1 visitei Ningbo, Guangzhou, Tianjin, Dongguan e outras cidades. <\/p>\n\n\n\n<figure class=\"wp-block-gallery has-nested-images columns-default is-cropped wp-block-gallery-1 is-layout-flex wp-block-gallery-is-layout-flex\">\n<figure class=\"wp-block-image size-large\"><img decoding=\"async\" width=\"500\" height=\"334\" data-id=\"13404\" src=\"https:\/\/bestchinaproducts.com\/wp-content\/uploads\/2022\/07\/chinese-train-station-1.jpg\" alt=\"\" class=\"wp-image-13404\" title=\"\" srcset=\"https:\/\/bestchinaproducts.com\/wp-content\/uploads\/2022\/07\/chinese-train-station-1.jpg 500w, https:\/\/bestchinaproducts.com\/wp-content\/uploads\/2022\/07\/chinese-train-station-1-300x200.jpg 300w, https:\/\/bestchinaproducts.com\/wp-content\/uploads\/2022\/07\/chinese-train-station-1-18x12.jpg 18w, https:\/\/bestchinaproducts.com\/wp-content\/uploads\/2022\/07\/chinese-train-station-1-263x175.jpg 263w\" sizes=\"(max-width: 500px) 100vw, 500px\" \/><\/figure>\n\n\n\n<figure class=\"wp-block-image size-large\"><img decoding=\"async\" width=\"500\" height=\"333\" data-id=\"13405\" src=\"https:\/\/bestchinaproducts.com\/wp-content\/uploads\/2022\/07\/chinese-manufacturing-1.jpg\" alt=\"\" class=\"wp-image-13405\" title=\"\" srcset=\"https:\/\/bestchinaproducts.com\/wp-content\/uploads\/2022\/07\/chinese-manufacturing-1.jpg 500w, https:\/\/bestchinaproducts.com\/wp-content\/uploads\/2022\/07\/chinese-manufacturing-1-300x200.jpg 300w, https:\/\/bestchinaproducts.com\/wp-content\/uploads\/2022\/07\/chinese-manufacturing-1-18x12.jpg 18w, https:\/\/bestchinaproducts.com\/wp-content\/uploads\/2022\/07\/chinese-manufacturing-1-263x175.jpg 263w\" sizes=\"(max-width: 500px) 100vw, 500px\" \/><\/figure>\n<\/figure>","protected":false},"excerpt":{"rendered":"<p>Quem Somos Ol\u00e1! Obrigado por visitar meu site. Eu sou Ross e eu sou...<\/p>","protected":false},"author":2,"featured_media":0,"parent":0,"menu_order":0,"comment_status":"closed","ping_status":"closed","template":"","meta":{"footnotes":""},"class_list":["post-13380","page","type-page","status-publish","hentry"],"featured_image_src":null,"_links":{"self":[{"href":"https:\/\/bestchinaproducts.com\/pt-br\/wp-json\/wp\/v2\/pages\/13380","targetHints":{"allow":["GET"]}}],"collection":[{"href":"https:\/\/bestchinaproducts.com\/pt-br\/wp-json\/wp\/v2\/pages"}],"about":[{"href":"https:\/\/bestchinaproducts.com\/pt-br\/wp-json\/wp\/v2\/types\/page"}],"author":[{"embeddable":true,"href":"https:\/\/bestchinaproducts.com\/pt-br\/wp-json\/wp\/v2\/users\/2"}],"replies":[{"embeddable":true,"href":"https:\/\/bestchinaproducts.com\/pt-br\/wp-json\/wp\/v2\/comments?post=13380"}],"version-history":[{"count":7,"href":"https:\/\/bestchinaproducts.com\/pt-br\/wp-json\/wp\/v2\/pages\/13380\/revisions"}],"predecessor-version":[{"id":17747,"href":"https:\/\/bestchinaproducts.com\/pt-br\/wp-json\/wp\/v2\/pages\/13380\/revisions\/17747"}],"wp:attachment":[{"href":"https:\/\/bestchinaproducts.com\/pt-br\/wp-json\/wp\/v2\/media?parent=13380"}],"curies":[{"name":"wp","href":"https:\/\/api.w.org\/{rel}","templated":true}]}}