{"id":7600,"date":"2020-05-08T15:24:28","date_gmt":"2020-05-08T15:24:28","guid":{"rendered":"https:\/\/bestchinaproducts.com\/?page_id=7600"},"modified":"2020-05-08T15:24:30","modified_gmt":"2020-05-08T15:24:30","slug":"sobre-nos","status":"publish","type":"page","link":"https:\/\/bestchinaproducts.com\/pt-br\/about-us\/","title":{"rendered":"Sobre n\u00f3s"},"content":{"rendered":"<div style=\"height:100px\" aria-hidden=\"true\" class=\"wp-block-spacer\"><\/div>\n\n\n\n<h2 class=\"wp-block-heading\">Sobre os Melhores Produtos da China - Bastidores!<\/h2>\n\n\n\n<p>Se ainda n\u00e3o nos conhecemos, eu sou Tim!\u00a0<br><\/p>\n\n\n\n<p>Obrigado por visitar minha p\u00e1gina. Sou o orgulhoso propriet\u00e1rio da Best China Products. Eu sou o revisor, editor e moderador e tudo o que h\u00e1 entre eles.&nbsp;<br><\/p>\n\n\n\n<p>Eu gasto muito tempo e esfor\u00e7o para escrever conte\u00fados \u00fateis que podem beneficiar voc\u00ea, leitor.<br><\/p>\n\n\n\n<p>Quando comecei a escrever em meu site, eu s\u00f3 queria mostrar produtos interessantes de lugares que voc\u00ea nunca tinha ouvido antes.<br><\/p>\n\n\n\n<p>Mas quando comecei a escrever meu conte\u00fado, percebi que muitos dos meus leitores perguntavam por atacado.&nbsp;<br><\/p>\n\n\n\n<p>Melhores fornecedores na Aliexpress<br><\/p>\n\n\n\n<p>Melhores fornecedores em Alibaba&nbsp;<br><\/p>\n\n\n\n<p>E outros\u00a0<\/p>\n\n\n\n<p>Eu costumava administrar um site de com\u00e9rcio eletr\u00f4nico, onde costumava largar navios para meus neg\u00f3cios e com esse conhecimento e experi\u00eancia eu sabia que poderia ajudar as pessoas com suas compras e consultas no atacado.<br><\/p>\n\n\n\n<p>\u00c9 por isso que eu fiz os melhores produtos da China.<br><\/p>\n\n\n\n<p>Meu conte\u00fado mudar\u00e1 um pouco, concentrando-se no com\u00e9rcio atacadista, mas n\u00e3o significa que n\u00e3o estarei cobrindo os varejistas individuais com os melhores pre\u00e7os.<br><\/p>\n\n\n\n<p>Na maioria das vezes, elas s\u00e3o uma e a mesma coisa.&nbsp;<\/p>\n\n\n\n<div style=\"height:100px\" aria-hidden=\"true\" class=\"wp-block-spacer\"><\/div>\n\n\n\n<h3 class=\"wp-block-heading\"><strong>Meu processo de revis\u00e3o<\/strong><br><\/h3>\n\n\n\n<p>Meu processo para escrever revis\u00f5es e encontrar Vendedores \u00e9 simples, eu fa\u00e7o minha devida dilig\u00eancia com rela\u00e7\u00e3o ao&nbsp;<br><\/p>\n\n\n\n<ul class=\"wp-block-list\"><li>Classifica\u00e7\u00e3o dos vendedores&nbsp;<\/li><li>Vendedores de produtos&nbsp;<\/li><li>Revis\u00f5es dos vendedores<\/li><li>Hist\u00f3rico dos vendedores&nbsp;<\/li><li>Respostas dos vendedores aos clientes&nbsp;<\/li><\/ul>\n\n\n\n<ul class=\"wp-block-list\"><li>Amostras e revis\u00e3o de produtos&nbsp;<\/li><li>Comunique-se com o vendedor e verifique sua resposta&nbsp;<\/li><\/ul>\n\n\n\n<div style=\"height:100px\" aria-hidden=\"true\" class=\"wp-block-spacer\"><\/div>\n\n\n\n<h3 class=\"wp-block-heading\"><strong>Divulga\u00e7\u00e3o de afiliados&nbsp;<\/strong><br><\/h3>\n\n\n\n<p>Em meu site, recomendo produtos da Aliexpress, Dhgate e Amazon. Eu posso ganhar uma pequena taxa quando voc\u00ea compra um produto atrav\u00e9s dos meus links. \u00c9 assim que eu posso manter o site funcionando e pagar por minhas pesquisas, tempo, produtos e muito mais.\u00a0<\/p>","protected":false},"excerpt":{"rendered":"<p>Sobre os Melhores Produtos da China - Bastidores! Se ainda n\u00e3o nos conhecemos, eu sou Tim! \u2026<\/p>","protected":false},"author":2,"featured_media":0,"parent":0,"menu_order":0,"comment_status":"closed","ping_status":"closed","template":"","meta":{"footnotes":""},"class_list":["post-7600","page","type-page","status-publish","hentry"],"featured_image_src":null,"_links":{"self":[{"href":"https:\/\/bestchinaproducts.com\/pt-br\/wp-json\/wp\/v2\/pages\/7600","targetHints":{"allow":["GET"]}}],"collection":[{"href":"https:\/\/bestchinaproducts.com\/pt-br\/wp-json\/wp\/v2\/pages"}],"about":[{"href":"https:\/\/bestchinaproducts.com\/pt-br\/wp-json\/wp\/v2\/types\/page"}],"author":[{"embeddable":true,"href":"https:\/\/bestchinaproducts.com\/pt-br\/wp-json\/wp\/v2\/users\/2"}],"replies":[{"embeddable":true,"href":"https:\/\/bestchinaproducts.com\/pt-br\/wp-json\/wp\/v2\/comments?post=7600"}],"version-history":[{"count":0,"href":"https:\/\/bestchinaproducts.com\/pt-br\/wp-json\/wp\/v2\/pages\/7600\/revisions"}],"wp:attachment":[{"href":"https:\/\/bestchinaproducts.com\/pt-br\/wp-json\/wp\/v2\/media?parent=7600"}],"curies":[{"name":"wp","href":"https:\/\/api.w.org\/{rel}","templated":true}]}}